{"id":2074,"date":"2025-09-10T10:06:43","date_gmt":"2025-09-10T08:06:43","guid":{"rendered":"https:\/\/blissfulthinking.es\/inicio\/"},"modified":"2025-10-22T11:04:47","modified_gmt":"2025-10-22T09:04:47","slug":"inicio","status":"publish","type":"page","link":"https:\/\/blissfulthinking.es\/gl\/","title":{"rendered":"Inicio"},"content":{"rendered":"<div class=\"wpb-content-wrapper\"><p>[vc_row row_height_percent=&#8221;100&#8243; back_image=&#8221;1758&#8243; back_position=&#8221;center top&#8221; overlay_alpha=&#8221;50&#8243; gutter_size=&#8221;3&#8243; column_width_percent=&#8221;100&#8243; shift_y=&#8221;0&#8243; z_index=&#8221;0&#8243; content_parallax=&#8221;0&#8243; uncode_shortcode_id=&#8221;115869&#8243; row_height_pixel=&#8221;1300&#8243;][vc_column column_width_percent=&#8221;100&#8243; position_vertical=&#8221;middle&#8221; align_horizontal=&#8221;align_center&#8221; gutter_size=&#8221;1&#8243; style=&#8221;dark&#8221; overlay_alpha=&#8221;50&#8243; shift_x=&#8221;0&#8243; shift_y=&#8221;0&#8243; shift_y_down=&#8221;0&#8243; z_index=&#8221;0&#8243; medium_width=&#8221;0&#8243; mobile_width=&#8221;0&#8243; width=&#8221;1\/1&#8243; uncode_shortcode_id=&#8221;209549&#8243;][vc_custom_heading text_font=&#8221;font-211539&#8243; uncode_shortcode_id=&#8221;181340&#8243;]Fascinarche \u00e9 o teu dereito[\/vc_custom_heading][vc_custom_heading text_size=&#8221;h5&#8243; uncode_shortcode_id=&#8221;447043&#8243;]Somos esa editorial de contos convencida de que as<br \/>\nxeraci\u00f3ns dixitais sigan gozando das narraci\u00f3ns en familia.[\/vc_custom_heading][vc_empty_space empty_h=&#8221;5&#8243; el_class=&#8221;espaciohero&#8221;][vc_custom_heading text_size=&#8221;h5&#8243; text_weight=&#8221;400&#8243; uncode_shortcode_id=&#8221;104248&#8243;]Buscamos conectar xeraci\u00f3ns e formatos,<br \/>\nfusionando o papel, o dixital, o xogo e as actividades de forma segura e divertida.[\/vc_custom_heading][vc_empty_space empty_h=&#8221;1&#8243;][\/vc_column][\/vc_row][vc_row][vc_column width=&#8221;1\/1&#8243;][uncode_block id=&#8221;1778&#8243;][\/vc_column][\/vc_row][vc_row row_height_percent=&#8221;0&#8243; override_padding=&#8221;yes&#8221; h_padding=&#8221;2&#8243; top_padding=&#8221;2&#8243; bottom_padding=&#8221;3&#8243; back_color=&#8221;color-199290&#8243; overlay_alpha=&#8221;50&#8243; gutter_size=&#8221;3&#8243; column_width_percent=&#8221;100&#8243; shift_y=&#8221;0&#8243; z_index=&#8221;0&#8243; content_parallax=&#8221;0&#8243; uncode_shortcode_id=&#8221;395724&#8243; back_color_type=&#8221;uncode-palette&#8221;][vc_column column_width_percent=&#8221;100&#8243; align_horizontal=&#8221;align_center&#8221; gutter_size=&#8221;3&#8243; overlay_alpha=&#8221;50&#8243; shift_x=&#8221;0&#8243; shift_y=&#8221;0&#8243; shift_y_down=&#8221;0&#8243; z_index=&#8221;0&#8243; medium_width=&#8221;0&#8243; mobile_width=&#8221;0&#8243; width=&#8221;1\/1&#8243; uncode_shortcode_id=&#8221;974760&#8243;][vc_single_image media=&#8221;2117&#8243; media_width_use_pixel=&#8221;yes&#8221; alignment=&#8221;center&#8221; uncode_shortcode_id=&#8221;589713&#8243; media_width_pixel=&#8221;200&#8243;][vc_custom_heading text_size=&#8221;h4&#8243; uncode_shortcode_id=&#8221;374236&#8243;]Emb\u00e1rcaste connosco?[\/vc_custom_heading][vc_custom_heading text_size=&#8221;h6&#8243; text_weight=&#8221;400&#8243; uncode_shortcode_id=&#8221;152851&#8243;]Creamos unha colecci\u00f3n moi especial, se colaboras ser\u00e1 t\u00faa[\/vc_custom_heading][vc_single_image media=&#8221;2184&#8243; media_width_use_pixel=&#8221;yes&#8221; alignment=&#8221;center&#8221; shape=&#8221;img-round&#8221; radius=&#8221;lg&#8221; uncode_shortcode_id=&#8221;218712&#8243; media_width_pixel=&#8221;500&#8243; media_link=&#8221;url:http%3A%2F%2Fpepitasdetradicionoral.com|target:_blank&#8221;][vc_column_text uncode_shortcode_id=&#8221;155444&#8243;]Buscamos mecenas coma ti para facer realidade esta preciosa<br \/>\ncolecci\u00f3n de contos tradicionais e o seu libro de acompa\u00f1amento.[\/vc_column_text][vc_button button_color=&#8221;color-179453&#8243; size=&#8221;btn-sm&#8221; hover_fx=&#8221;outlined&#8221; border_width=&#8221;0&#8243; uncode_shortcode_id=&#8221;818378&#8243; button_color_type=&#8221;uncode-palette&#8221; link=&#8221;url:%20https%3A%2F%2Fvkm.is%2F10cuentos|title:Acceso%20al%20verkami|target:_blank|rel:nofollow|&#8221;]Apoia o noso proxecto en Verkami[\/vc_button][\/vc_column][\/vc_row][vc_row row_height_percent=&#8221;0&#8243; back_color=&#8221;color-121585&#8243; overlay_alpha=&#8221;50&#8243; gutter_size=&#8221;3&#8243; column_width_percent=&#8221;100&#8243; shift_y=&#8221;0&#8243; z_index=&#8221;0&#8243; content_parallax=&#8221;0&#8243; uncode_shortcode_id=&#8221;116326&#8243; back_color_type=&#8221;uncode-palette&#8221;][vc_column column_width_percent=&#8221;100&#8243; align_horizontal=&#8221;align_center&#8221; gutter_size=&#8221;2&#8243; style=&#8221;dark&#8221; overlay_alpha=&#8221;50&#8243; shift_x=&#8221;0&#8243; shift_y=&#8221;0&#8243; shift_y_down=&#8221;0&#8243; z_index=&#8221;0&#8243; medium_width=&#8221;0&#8243; mobile_width=&#8221;0&#8243; width=&#8221;1\/1&#8243; uncode_shortcode_id=&#8221;196831&#8243;][vc_custom_heading text_size=&#8221;h6&#8243; text_weight=&#8221;400&#8243; uncode_shortcode_id=&#8221;111112&#8243;]BLISSFUL THINKING[\/vc_custom_heading][vc_custom_heading text_size=&#8221;h4&#8243; uncode_shortcode_id=&#8221;837911&#8243;]Todo o facemos por ti,<br \/>\nquerida infancia.[\/vc_custom_heading][vc_column_text uncode_shortcode_id=&#8221;181551&#8243;]O noso desexo \u00e9 achegarvos un espazo seguro, pedag\u00f3xico e divertido, para gozar en familia,<br \/>\nunindo xeraci\u00f3ns e conectando coas autoras detr\u00e1s de cada historia.[\/vc_column_text][vc_button size=&#8221;btn-sm&#8221; hover_fx=&#8221;outlined&#8221; outline=&#8221;yes&#8221; border_width=&#8221;0&#8243; uncode_shortcode_id=&#8221;855640&#8243; link=&#8221;url:https%3A%2F%2Fblissfulthinking.es%2Feditorial%2F|title:Editorial|&#8221;]Co\u00f1ece a nosa editorial[\/vc_button][\/vc_column][\/vc_row][vc_row row_height_percent=&#8221;0&#8243; override_padding=&#8221;yes&#8221; h_padding=&#8221;2&#8243; top_padding=&#8221;3&#8243; bottom_padding=&#8221;3&#8243; back_color=&#8221;color-199290&#8243; overlay_alpha=&#8221;50&#8243; gutter_size=&#8221;3&#8243; column_width_percent=&#8221;100&#8243; shift_y=&#8221;0&#8243; z_index=&#8221;0&#8243; content_parallax=&#8221;0&#8243; uncode_shortcode_id=&#8221;179194&#8243; back_color_type=&#8221;uncode-palette&#8221;][vc_column column_width_percent=&#8221;100&#8243; position_vertical=&#8221;middle&#8221; gutter_size=&#8221;3&#8243; overlay_alpha=&#8221;50&#8243; shift_x=&#8221;0&#8243; shift_y=&#8221;0&#8243; shift_y_down=&#8221;0&#8243; z_index=&#8221;0&#8243; medium_width=&#8221;0&#8243; mobile_width=&#8221;0&#8243; width=&#8221;1\/2&#8243; uncode_shortcode_id=&#8221;884817&#8243;][vc_single_image media=&#8221;2185&#8243; media_width_use_pixel=&#8221;yes&#8221; alignment=&#8221;center&#8221; uncode_shortcode_id=&#8221;165335&#8243; media_width_pixel=&#8221;400&#8243;][\/vc_column][vc_column column_width_percent=&#8221;100&#8243; position_vertical=&#8221;middle&#8221; gutter_size=&#8221;2&#8243; overlay_alpha=&#8221;50&#8243; shift_x=&#8221;0&#8243; shift_y=&#8221;0&#8243; shift_y_down=&#8221;0&#8243; z_index=&#8221;0&#8243; medium_width=&#8221;0&#8243; mobile_width=&#8221;0&#8243; width=&#8221;1\/2&#8243; uncode_shortcode_id=&#8221;667822&#8243;][vc_custom_heading text_size=&#8221;h6&#8243; text_weight=&#8221;400&#8243; uncode_shortcode_id=&#8221;134628&#8243;]A NOSA APP[\/vc_custom_heading][vc_custom_heading text_size=&#8221;h4&#8243; uncode_shortcode_id=&#8221;194454&#8243;]Un mundo de contos nun espazo pequeni\u00f1o[\/vc_custom_heading][vc_column_text uncode_shortcode_id=&#8221;208319&#8243;]Un espazo para explorar, perderse e gozar lendo, narrando, actuando ou mesmo creando.[\/vc_column_text][vc_button button_color=&#8221;color-179453&#8243; size=&#8221;btn-sm&#8221; hover_fx=&#8221;outlined&#8221; outline=&#8221;yes&#8221; border_width=&#8221;0&#8243; uncode_shortcode_id=&#8221;144122&#8243; button_color_type=&#8221;uncode-palette&#8221; link=&#8221;url:https%3A%2F%2Fblissfulthinking.es%2Fla-app%2F|title:App%20Blissful|&#8221;]Descobre a App[\/vc_button][\/vc_column][\/vc_row][vc_row row_height_percent=&#8221;0&#8243; override_padding=&#8221;yes&#8221; h_padding=&#8221;2&#8243; top_padding=&#8221;3&#8243; bottom_padding=&#8221;3&#8243; overlay_alpha=&#8221;50&#8243; gutter_size=&#8221;3&#8243; column_width_percent=&#8221;100&#8243; shift_y=&#8221;0&#8243; z_index=&#8221;0&#8243; content_parallax=&#8221;0&#8243; uncode_shortcode_id=&#8221;106125&#8243;][vc_column column_width_percent=&#8221;100&#8243; position_vertical=&#8221;middle&#8221; gutter_size=&#8221;3&#8243; overlay_alpha=&#8221;50&#8243; shift_x=&#8221;0&#8243; shift_y=&#8221;0&#8243; shift_y_down=&#8221;0&#8243; z_index=&#8221;0&#8243; medium_width=&#8221;0&#8243; mobile_width=&#8221;0&#8243; width=&#8221;1\/2&#8243; uncode_shortcode_id=&#8221;180222&#8243;][vc_custom_heading text_size=&#8221;h6&#8243; text_weight=&#8221;400&#8243; uncode_shortcode_id=&#8221;159957&#8243;]OS NOSOS CREADORES[\/vc_custom_heading][vc_custom_heading text_size=&#8221;h4&#8243; uncode_shortcode_id=&#8221;158357&#8243;]Tes alma creadora?[\/vc_custom_heading][vc_column_text uncode_shortcode_id=&#8221;654473&#8243;]Como editorial independente apostamos por acompa\u00f1ar novos proxectos literarios para que os contos se fagan realidade[\/vc_column_text][vc_button button_color=&#8221;color-179453&#8243; size=&#8221;btn-sm&#8221; hover_fx=&#8221;outlined&#8221; outline=&#8221;yes&#8221; border_width=&#8221;0&#8243; uncode_shortcode_id=&#8221;174934&#8243; button_color_type=&#8221;uncode-palette&#8221; link=&#8221;url:https%3A%2F%2Fblissfulthinking.es%2Fcontacto%2F|title:Contacto|&#8221;]Escr\u00edbenos[\/vc_button][\/vc_column][vc_column column_width_percent=&#8221;100&#8243; position_vertical=&#8221;middle&#8221; gutter_size=&#8221;3&#8243; overlay_alpha=&#8221;50&#8243; shift_x=&#8221;0&#8243; shift_y=&#8221;0&#8243; shift_y_down=&#8221;0&#8243; z_index=&#8221;0&#8243; medium_width=&#8221;0&#8243; mobile_width=&#8221;0&#8243; width=&#8221;1\/2&#8243; uncode_shortcode_id=&#8221;162902&#8243;][vc_single_image media=&#8221;2186&#8243; media_width_use_pixel=&#8221;yes&#8221; alignment=&#8221;center&#8221; uncode_shortcode_id=&#8221;175743&#8243; media_width_pixel=&#8221;400&#8243;][\/vc_column][\/vc_row]<\/p>\n<\/div>","protected":false},"excerpt":{"rendered":"<p>[vc_row row_height_percent=&#8221;100&#8243; back_image=&#8221;1758&#8243; back_position=&#8221;center top&#8221; overlay_alpha=&#8221;50&#8243; gutter_size=&#8221;3&#8243; column_width_percent=&#8221;100&#8243; shift_y=&#8221;0&#8243; z_index=&#8221;0&#8243; content_parallax=&#8221;0&#8243; uncode_shortcode_id=&#8221;115869&#8243; row_height_pixel=&#8221;1300&#8243;][vc_column column_width_percent=&#8221;100&#8243; position_vertical=&#8221;middle&#8221; align_horizontal=&#8221;align_center&#8221; gutter_size=&#8221;1&#8243; style=&#8221;dark&#8221; overlay_alpha=&#8221;50&#8243; shift_x=&#8221;0&#8243; [&hellip;]<\/p>\n","protected":false},"author":1,"featured_media":0,"parent":0,"menu_order":0,"comment_status":"closed","ping_status":"closed","template":"","meta":{"footnotes":""},"class_list":["post-2074","page","type-page","status-publish","hentry"],"yoast_head":"<!-- This site is optimized with the Yoast SEO plugin v27.2 - https:\/\/yoast.com\/product\/yoast-seo-wordpress\/ -->\n<title>Inicio - Blissful Thinking<\/title>\n<meta name=\"robots\" content=\"index, follow, max-snippet:-1, max-image-preview:large, max-video-preview:-1\" \/>\n<link rel=\"canonical\" href=\"https:\/\/blissfulthinking.es\/gl\/inicio\/\" \/>\n<meta property=\"og:locale\" content=\"gl_ES\" \/>\n<meta property=\"og:type\" content=\"article\" \/>\n<meta property=\"og:title\" content=\"Inicio - Blissful Thinking\" \/>\n<meta property=\"og:description\" content=\"[vc_row row_height_percent=&#8221;100&#8243; back_image=&#8221;1758&#8243; back_position=&#8221;center top&#8221; overlay_alpha=&#8221;50&#8243; gutter_size=&#8221;3&#8243; column_width_percent=&#8221;100&#8243; shift_y=&#8221;0&#8243; z_index=&#8221;0&#8243; content_parallax=&#8221;0&#8243; uncode_shortcode_id=&#8221;115869&#8243; row_height_pixel=&#8221;1300&#8243;][vc_column column_width_percent=&#8221;100&#8243; position_vertical=&#8221;middle&#8221; align_horizontal=&#8221;align_center&#8221; gutter_size=&#8221;1&#8243; style=&#8221;dark&#8221; overlay_alpha=&#8221;50&#8243; shift_x=&#8221;0&#8243; [&hellip;]\" \/>\n<meta property=\"og:url\" content=\"https:\/\/blissfulthinking.es\/gl\/inicio\/\" \/>\n<meta property=\"og:site_name\" content=\"Blissful Thinking\" \/>\n<meta property=\"article:publisher\" content=\"https:\/\/www.facebook.com\/people\/Blissful-Thinking\/61553763267518\/\" \/>\n<meta property=\"article:modified_time\" content=\"2025-10-22T09:04:47+00:00\" \/>\n<meta name=\"twitter:card\" content=\"summary_large_image\" \/>\n<meta name=\"twitter:label1\" content=\"Tempo de lectura\" \/>\n\t<meta name=\"twitter:data1\" content=\"5 minutos\" \/>\n<script type=\"application\/ld+json\" class=\"yoast-schema-graph\">{\"@context\":\"https:\/\/schema.org\",\"@graph\":[{\"@type\":\"WebPage\",\"@id\":\"https:\/\/blissfulthinking.es\/gl\/inicio\/\",\"url\":\"https:\/\/blissfulthinking.es\/gl\/inicio\/\",\"name\":\"Inicio - Blissful Thinking\",\"isPartOf\":{\"@id\":\"https:\/\/blissfulthinking.es\/en\/#website\"},\"datePublished\":\"2025-09-10T08:06:43+00:00\",\"dateModified\":\"2025-10-22T09:04:47+00:00\",\"breadcrumb\":{\"@id\":\"https:\/\/blissfulthinking.es\/gl\/inicio\/#breadcrumb\"},\"inLanguage\":\"gl-ES\",\"potentialAction\":[{\"@type\":\"ReadAction\",\"target\":[\"https:\/\/blissfulthinking.es\/gl\/inicio\/\"]}]},{\"@type\":\"BreadcrumbList\",\"@id\":\"https:\/\/blissfulthinking.es\/gl\/inicio\/#breadcrumb\",\"itemListElement\":[{\"@type\":\"ListItem\",\"position\":1,\"name\":\"Portada\",\"item\":\"https:\/\/blissfulthinking.es\/gl\/inicio\/\"},{\"@type\":\"ListItem\",\"position\":2,\"name\":\"Inicio\"}]},{\"@type\":\"WebSite\",\"@id\":\"https:\/\/blissfulthinking.es\/en\/#website\",\"url\":\"https:\/\/blissfulthinking.es\/en\/\",\"name\":\"Blissful Thinking\",\"description\":\"Fascinarte es tu derecho - Editorial independiente especializada en el cuento infantil\",\"publisher\":{\"@id\":\"https:\/\/blissfulthinking.es\/en\/#organization\"},\"potentialAction\":[{\"@type\":\"SearchAction\",\"target\":{\"@type\":\"EntryPoint\",\"urlTemplate\":\"https:\/\/blissfulthinking.es\/en\/?s={search_term_string}\"},\"query-input\":{\"@type\":\"PropertyValueSpecification\",\"valueRequired\":true,\"valueName\":\"search_term_string\"}}],\"inLanguage\":\"gl-ES\"},{\"@type\":\"Organization\",\"@id\":\"https:\/\/blissfulthinking.es\/en\/#organization\",\"name\":\"Blissful Thinking\",\"url\":\"https:\/\/blissfulthinking.es\/en\/\",\"logo\":{\"@type\":\"ImageObject\",\"inLanguage\":\"gl-ES\",\"@id\":\"https:\/\/blissfulthinking.es\/en\/#\/schema\/logo\/image\/\",\"url\":\"https:\/\/blissfulthinking.es\/wp-content\/uploads\/2026\/02\/Logo_Blissful_Thinking_RGB.png\",\"contentUrl\":\"https:\/\/blissfulthinking.es\/wp-content\/uploads\/2026\/02\/Logo_Blissful_Thinking_RGB.png\",\"width\":945,\"height\":945,\"caption\":\"Blissful Thinking\"},\"image\":{\"@id\":\"https:\/\/blissfulthinking.es\/en\/#\/schema\/logo\/image\/\"},\"sameAs\":[\"https:\/\/www.facebook.com\/people\/Blissful-Thinking\/61553763267518\/\",\"https:\/\/www.instagram.com\/blissfulthinkinges\/\",\"https:\/\/www.linkedin.com\/company\/blissful-thinking\/?originalSubdomain=es\",\"https:\/\/www.youtube.com\/channel\/UC0MDJvD6yerrh-W3Kd2254A\",\"https:\/\/mastodon.social\/@blissfulthinking\"]}]}<\/script>\n<!-- \/ Yoast SEO plugin. -->","yoast_head_json":{"title":"Inicio - Blissful Thinking","robots":{"index":"index","follow":"follow","max-snippet":"max-snippet:-1","max-image-preview":"max-image-preview:large","max-video-preview":"max-video-preview:-1"},"canonical":"https:\/\/blissfulthinking.es\/gl\/inicio\/","og_locale":"gl_ES","og_type":"article","og_title":"Inicio - Blissful Thinking","og_description":"[vc_row row_height_percent=&#8221;100&#8243; back_image=&#8221;1758&#8243; back_position=&#8221;center top&#8221; overlay_alpha=&#8221;50&#8243; gutter_size=&#8221;3&#8243; column_width_percent=&#8221;100&#8243; shift_y=&#8221;0&#8243; z_index=&#8221;0&#8243; content_parallax=&#8221;0&#8243; uncode_shortcode_id=&#8221;115869&#8243; row_height_pixel=&#8221;1300&#8243;][vc_column column_width_percent=&#8221;100&#8243; position_vertical=&#8221;middle&#8221; align_horizontal=&#8221;align_center&#8221; gutter_size=&#8221;1&#8243; style=&#8221;dark&#8221; overlay_alpha=&#8221;50&#8243; shift_x=&#8221;0&#8243; [&hellip;]","og_url":"https:\/\/blissfulthinking.es\/gl\/inicio\/","og_site_name":"Blissful Thinking","article_publisher":"https:\/\/www.facebook.com\/people\/Blissful-Thinking\/61553763267518\/","article_modified_time":"2025-10-22T09:04:47+00:00","twitter_card":"summary_large_image","twitter_misc":{"Tempo de lectura":"5 minutos"},"schema":{"@context":"https:\/\/schema.org","@graph":[{"@type":"WebPage","@id":"https:\/\/blissfulthinking.es\/gl\/inicio\/","url":"https:\/\/blissfulthinking.es\/gl\/inicio\/","name":"Inicio - Blissful Thinking","isPartOf":{"@id":"https:\/\/blissfulthinking.es\/en\/#website"},"datePublished":"2025-09-10T08:06:43+00:00","dateModified":"2025-10-22T09:04:47+00:00","breadcrumb":{"@id":"https:\/\/blissfulthinking.es\/gl\/inicio\/#breadcrumb"},"inLanguage":"gl-ES","potentialAction":[{"@type":"ReadAction","target":["https:\/\/blissfulthinking.es\/gl\/inicio\/"]}]},{"@type":"BreadcrumbList","@id":"https:\/\/blissfulthinking.es\/gl\/inicio\/#breadcrumb","itemListElement":[{"@type":"ListItem","position":1,"name":"Portada","item":"https:\/\/blissfulthinking.es\/gl\/inicio\/"},{"@type":"ListItem","position":2,"name":"Inicio"}]},{"@type":"WebSite","@id":"https:\/\/blissfulthinking.es\/en\/#website","url":"https:\/\/blissfulthinking.es\/en\/","name":"Blissful Thinking","description":"Fascinarte es tu derecho - Editorial independiente especializada en el cuento infantil","publisher":{"@id":"https:\/\/blissfulthinking.es\/en\/#organization"},"potentialAction":[{"@type":"SearchAction","target":{"@type":"EntryPoint","urlTemplate":"https:\/\/blissfulthinking.es\/en\/?s={search_term_string}"},"query-input":{"@type":"PropertyValueSpecification","valueRequired":true,"valueName":"search_term_string"}}],"inLanguage":"gl-ES"},{"@type":"Organization","@id":"https:\/\/blissfulthinking.es\/en\/#organization","name":"Blissful Thinking","url":"https:\/\/blissfulthinking.es\/en\/","logo":{"@type":"ImageObject","inLanguage":"gl-ES","@id":"https:\/\/blissfulthinking.es\/en\/#\/schema\/logo\/image\/","url":"https:\/\/blissfulthinking.es\/wp-content\/uploads\/2026\/02\/Logo_Blissful_Thinking_RGB.png","contentUrl":"https:\/\/blissfulthinking.es\/wp-content\/uploads\/2026\/02\/Logo_Blissful_Thinking_RGB.png","width":945,"height":945,"caption":"Blissful Thinking"},"image":{"@id":"https:\/\/blissfulthinking.es\/en\/#\/schema\/logo\/image\/"},"sameAs":["https:\/\/www.facebook.com\/people\/Blissful-Thinking\/61553763267518\/","https:\/\/www.instagram.com\/blissfulthinkinges\/","https:\/\/www.linkedin.com\/company\/blissful-thinking\/?originalSubdomain=es","https:\/\/www.youtube.com\/channel\/UC0MDJvD6yerrh-W3Kd2254A","https:\/\/mastodon.social\/@blissfulthinking"]}]}},"_links":{"self":[{"href":"https:\/\/blissfulthinking.es\/gl\/wp-json\/wp\/v2\/pages\/2074","targetHints":{"allow":["GET"]}}],"collection":[{"href":"https:\/\/blissfulthinking.es\/gl\/wp-json\/wp\/v2\/pages"}],"about":[{"href":"https:\/\/blissfulthinking.es\/gl\/wp-json\/wp\/v2\/types\/page"}],"author":[{"embeddable":true,"href":"https:\/\/blissfulthinking.es\/gl\/wp-json\/wp\/v2\/users\/1"}],"replies":[{"embeddable":true,"href":"https:\/\/blissfulthinking.es\/gl\/wp-json\/wp\/v2\/comments?post=2074"}],"version-history":[{"count":5,"href":"https:\/\/blissfulthinking.es\/gl\/wp-json\/wp\/v2\/pages\/2074\/revisions"}],"predecessor-version":[{"id":3155,"href":"https:\/\/blissfulthinking.es\/gl\/wp-json\/wp\/v2\/pages\/2074\/revisions\/3155"}],"wp:attachment":[{"href":"https:\/\/blissfulthinking.es\/gl\/wp-json\/wp\/v2\/media?parent=2074"}],"curies":[{"name":"wp","href":"https:\/\/api.w.org\/{rel}","templated":true}]}}