{"id":2709,"date":"2025-06-06T14:01:05","date_gmt":"2025-06-06T12:01:05","guid":{"rendered":"https:\/\/blissfulthinking.es\/aviso-legal-e-politica-de-proteccion-de-datos\/"},"modified":"2025-06-06T14:01:05","modified_gmt":"2025-06-06T12:01:05","slug":"aviso-legal-e-politica-de-proteccion-de-datos","status":"publish","type":"page","link":"https:\/\/blissfulthinking.es\/gl\/aviso-legal-e-politica-de-proteccion-de-datos\/","title":{"rendered":"Aviso Legal e Pol\u00edtica de Protecci\u00f3n de Datos"},"content":{"rendered":"<p>&nbsp;<\/p>\n<p>1. Informaci\u00f3n sobre BLISSFUL THINKING.<br \/>\nBlissful Thinking \u00e9 unha plataforma dixital colaborativa para a creaci\u00f3n e distribuci\u00f3n de contos infant\u00eds interactivos, baseados en sabedor\u00eda popular e novas creaci\u00f3ns. O presente documento regula as condici\u00f3ns de uso e a pol\u00edtica de privacidade da App\/Web titularidade de BLISSFUL THINKING SL (en diante BLISSFUL), con NIF B56665284 e domicilio social en r\u00faa Alameda de Mazarredo, n\u00ba 25, 1\u00aa A, 48009, Bilbao \u2013 Bizkaia, Espa\u00f1a (en diante, o \u201capp\u201d e\/o \u201cweb\u201d).<\/p>\n<p>2. Acceso \u00e1 app\/web.<br \/>\nO acceso \u00e1 App\/Web ser\u00e1 libre e para todos os Usuarios destas.<\/p>\n<p>Con todo, determinados servizos e\/o contidos ofrecidos por BLISSFUL ou terceiros a trav\u00e9s da App\/Web poida que at\u00f3pense suxeitos \u00e1 reserva e\/o contrataci\u00f3n previa do servizo e\/o contido e ao pago dunha cantidade de di\u00f1eiro. Nestes casos estarase ao que se determine nas correspondentes condici\u00f3ns particulares, que se po\u00f1er\u00e1n ao dispor do Usuario de forma previa, facilmente accesible e clara.<\/p>\n<p>Queda prohibido o acceso \u00e1 P\u00e1xina App\/Web por parte de menores de idade, salvo que conten coa autorizaci\u00f3n previa e expresa dos seus pais, titores ou representantes legais, os cales ser\u00e1n considerados como responsables dos actos que leven a cabo os menores ao seu cargo, conforme \u00e1 normativa vixente. En todo caso, presumirase que o acceso, uso e navegaci\u00f3n realizado por un menor realizouse con autorizaci\u00f3n previa e expresa dos seus pais, titores ou representantes legais.<\/p>\n<p>3. Sitios webs enlazados.<br \/>\nPola s\u00faa banda, esta App\/Web pode inclu\u00edr links cara a outras aplicaci\u00f3ns e\/o sitios web propias ou de terceiros, mesmo integrados na P\u00e1xina web. Cada Usuario reco\u00f1ece que BLISSFUL non ten ningunha responsabilidade sobre o contido, produtos ou servizos dispo\u00f1ibles ou accesibles a partir desas aplicaci\u00f3ns e\/o sitios web cando estas non sexan propias de BLISSFUL.<\/p>\n<p>En ning\u00fan caso a existencia de integraci\u00f3ns ou links cara a outros sitios webs e\/o aplicaci\u00f3ns propias ou de terceiros comporta recomendaci\u00f3n, promoci\u00f3n, identificaci\u00f3n ou conformidade de BLISSFUL coas manifestaci\u00f3ns, contidos ou servizos proporcionados a trav\u00e9s dos mesmos. En consecuencia, BLISSFUL non se fai responsable do contido, os produtos ou servizos dispo\u00f1ibles neses sitios webs e\/o aplicaci\u00f3ns ou a partir das mesmos, nin das s\u00faas condici\u00f3ns de uso e pol\u00edticas de privacidade, sendo o Usuario o \u00fanico responsable de comprobalos e aceptalos cada vez que acceda e use os mesmos.<\/p>\n<p>Terceiras partes \u00e1s que BLISSFUL est\u00e1 obrigada a transmitir informaci\u00f3n, como autoridades p\u00fablicas, coa finalidade de dar cumprimento cos requirimentos das devanditas autoridades e a normativa aplicable, no seu caso.<\/p>\n<p>Terceiras partes que act\u00faan como encargados de tratamento, por exemplo aquelas empresas que prestan servizos de aloxamento da informaci\u00f3n (www.ionos.es , www.bubble.io e https:\/\/firebase.google.com ). En todo caso preocupar\u00e9monos de asinar un contrato coas previsi\u00f3ns establecidas legalmente e que ditas empresas cumpran con altos est\u00e1ndares de seguridade, as\u00ed como que a informaci\u00f3n estea albergada dentro da UE.<\/p>\n<p>4. Propiedade intelectual\/industrial.<br \/>\nTodos os dereitos de autor, marcas comerciais, patentes e o resto de dereitos de propiedade intelectual e industrial referentes ao material ou contido inclu\u00edndo software, datos, informaci\u00f3n, texto, fotograf\u00edas, m\u00fasica, son, v\u00eddeos, gr\u00e1ficos, logotipos, s\u00edmbolos, traballos art\u00edsticos e calquera outro tipo de material ou imaxes publicadas na P\u00e1xina Web e\/o app, necesarias para o correcto funcionamento e xesti\u00f3n da mesma, son propiedade de BLISSFUL ou se lle cederon baixo licenza mediante os dereitos de autor(\u00e9) para o seu uso. Polo que o seu uso, reproduci\u00f3n, distribuci\u00f3n, comunicaci\u00f3n p\u00fablica, transformaci\u00f3n ou calquera outra actividade similar ou an\u00e1loga, queda totalmente prohibida salvo que medie expresa autorizaci\u00f3n por escrito de BLISSFUL.<\/p>\n<p>5. Pol\u00edtica de Protecci\u00f3n de datos.<br \/>\nA presente Pol\u00edtica de Protecci\u00f3n de datos regula o tratamento de datos levado a cabo por BLISSFUL en relaci\u00f3n cos usuarios que accedan ou se po\u00f1an en contacto con BLISSFUL a trav\u00e9s do Sitio web www.blissfulthinking.es , tenda.blissfulthinking.es ou a app. O anterior abarcar\u00eda o tratamento de datos persoais de todos os usuarios que accedan ou transmitan informaci\u00f3n a trav\u00e9s da app.<\/p>\n<p>5.1. Datos persoais tratados por BLISSFUL, finalidades e lexitimaci\u00f3n<br \/>\nVostede queda informado de que todos os datos que BLISSFUL solic\u00edtelle ou lle poida solicitar son necesarios para as finalidades descritas na presente Pol\u00edtica de Privacidade e o feito de non facilitalos supo\u00f1er\u00eda a imposibilidade de poder prestar o servizo, xestionar a solicitude, queixa ou suxesti\u00f3n que realice a BLISSFUL. As\u00ed mesmo, BLISSFUL se reserva a facultade de non responder ou tramitar solicitudes que non incl\u00faan os datos que lle sexan solicitados.<\/p>\n<p>Vostede garante a veracidade dos datos de car\u00e1cter persoal proporcionados a BLISSFUL.No Sitio web vostede pode atopar informaci\u00f3n que pode ser de utilidade para informarse dos servizos ofrecidos por BLISSFUL. Neste sentido, BLISSFUL unicamente solicitaralle e tratar\u00e1 os datos necesarios para prestar o servizo ou poder iniciar e manter unha relaci\u00f3n comercial, contractual e\/o precontractual con vostede.<\/p>\n<p>A continuaci\u00f3n, descr\u00edbense as diferentes finalidades coas que se tratan os seus datos persoais e as bases que lexitiman o tratamento:<\/p>\n<p>Base de lexitimaci\u00f3n:<\/p>\n<p>Artigo 6.1.1.b RGPD. Base legitimadora: A execuci\u00f3n do contrato subscrito entre vostede e BLISSFUL ou aplicaci\u00f3n de medidas precontractuales. Finalidade: Xestionar a relaci\u00f3n comercial ou precontractual cos usuarios do Sitio web\/app e atender \u00e1s solicitudes de informaci\u00f3n de servizos ofertados por BLISSFUL.<\/p>\n<p>Artigo 6.1.1.a RGPD. Base legitimadora: consentimento expreso. Finalidade: realizar env\u00edos publicitarios e informaci\u00f3n comercial relacionada cos diferentes servizos, ofertas, promoci\u00f3ns especiais.<\/p>\n<p>Artigo 6.1.1.f RGPD. Base legitimadora: intereses lex\u00edtimos. Finalidade: xestionar e optimizar o sitio web\/app. A mera navegaci\u00f3n polo Sitio web\/app, polo xeral, non implicar\u00e1 o tratamento dos seus datos persoais, m\u00e1is al\u00f3 de, en casos concretos, a s\u00faa direcci\u00f3n IP e datos relativos \u00e1 s\u00faa navegaci\u00f3n, coa finalidade de xestionar e optimizar o Sitio web, lexitimado polo interese lex\u00edtimo de BLISSFUL de preservar a seguridade e integridade do Sitio web.<br \/>\nOs datos persoais de menores de catorce (14) anos ou de persoas que necesiten un complemento \u00e1 s\u00faa capacidade de obrar, ser\u00e1n recolleitos e tratados en base ao permiso e consentimento outorgado polos seus pais, titores ou representantes legais. Por tanto, rog\u00e1moslle que se abste\u00f1a de fornecer datos persoais se non conta co consentimento de pais, titores ou representantes legais, non sendo BLISSFUL responsable das actuaci\u00f3ns do menor de catorce (14) anos ou da persoa con necesidade de apoio para obrar. BLISSFUL poder\u00e1 proceder ao tratamento dos datos dos maiores de catorce (14) anos co seu consentimento, salvo naqueles casos nos que a Lei esixa a asistencia dos titulares da patria potestade ou tutela.<\/p>\n<p>5.2. Terceiros aos que se lles pode transmitir os seus datos.<br \/>\nOs datos persoais que vostede proporcione a BLISSFUL poder\u00e1n ser comunicados \u00e1s seguintes categor\u00edas de destinatarios:<\/p>\n<p>5.3. Seguridade dos datos.<br \/>\nBLISSFUL conta con pol\u00edticas apropiadas e medidas t\u00e9cnicas e organizativas para salvagardar e protexer os seus datos persoais contra o acceso ilegal ou non autorizado, perda ou destruci\u00f3n accidental, danos, uso e divulgaci\u00f3n ilegal ou non autorizada.<\/p>\n<p>Tam\u00e9n tomaremos todas as precauci\u00f3ns razoables para garantir que o noso persoal e os empregados que te\u00f1en acceso aos seus datos persoais haxan recibido a capacitaci\u00f3n adecuada.<\/p>\n<p>En todo caso, inf\u00f3rmase o usuario de que calquera transmisi\u00f3n de datos a trav\u00e9s de Internet non \u00e9 completamente segura e, como tal, real\u00edzase baixo o seu propio risco. A\u00ednda que faremos o noso mellor esforzo para protexer os seus datos persoais, BLISSFUL non pode garantir a seguridade dos datos persoais transmitidos a trav\u00e9s do noso Sitio web\/app.<\/p>\n<p>5.4. Conservaci\u00f3n dos datos.<br \/>\nO prazo de conservaci\u00f3n dos seus datos vir\u00e1 determinado en funci\u00f3n da duraci\u00f3n da s\u00faa relaci\u00f3n con BLISSFUL e dos per\u00edodos establecidos legalmente. Neste sentido, os criterios que BLISSFUL utiliza para fixar os prazos de conservaci\u00f3n dos seus datos foron determinados #de acordo con os requisitos establecidos na lexislaci\u00f3n, regulamentos e directrices normativas aplicables, as\u00ed como os requisitos operacionales de BLISSFUL relacionados coa correcta xesti\u00f3n da relaci\u00f3n existente coas diferentes categor\u00edas de interesados.<\/p>\n<p>Neste sentido, os seus datos ser\u00e1n conservados mentres mante\u00f1a calquera relaci\u00f3n comercial ou contractual con BLISSFUL.Unha vez finalizada a mesma, procederase \u00e1 eliminaci\u00f3n dos seus datos persoais no momento en que se levaron a cabo todas as acci\u00f3ns necesarias para xestionar e dar por conclu\u00edda calquera obrigaci\u00f3n que puidese quedar remanente entre as partes, levando a cabo nese per\u00edodo, todas as xesti\u00f3ns administrativas necesarias, salvo naqueles casos nos que exista previsi\u00f3n legal ou no caso de que Vostede facilit\u00e1ranos o seu consentimento expreso para enviarlle comunicaci\u00f3ns comerciais, nese caso o seu datos conservaranse ata que mostre a s\u00faa oposici\u00f3n.<\/p>\n<p>A este respecto, BLISSFUL garante que non tratar\u00e1 os datos para outras finalidades salvo que sexa necesario para a formulaci\u00f3n, exercicio ou defensa de reclamaci\u00f3ns ou cando este sexa requirido para facilitar os mesmos \u00e1 Administraci\u00f3n P\u00fablica, Xu\u00edces e Tribunais durante o per\u00edodo de prescrici\u00f3n dos seus dereitos ou obrigaci\u00f3ns legais.<\/p>\n<p>&nbsp;<\/p>\n<p>5.5. Os seus dereitos de protecci\u00f3n de datos.<br \/>\nVostede poder\u00e1 po\u00f1erse en contacto cando as\u00ed o estime con BLISSFUL, podendo exercitar os seus dereitos de acceso, rectificaci\u00f3n, supresi\u00f3n, limitaci\u00f3n, oposici\u00f3n, as\u00ed como o dereito \u00e1 portabilidad dos seus datos e a non ser obxecto de decisi\u00f3ns automatizadas, mediante solicitude dirixida a BLISSFUL en c\u00e1lea Alameda de Mazarredo, n\u00ba 25, 1\u00aaA, 48009, Bilbao \u2013 Bizkaia, Espa\u00f1a, ou \u00e1 seguinte direcci\u00f3n de correo electr\u00f3nico: info@blissfulthinking.es anexando copia do seu DNI ou documentaci\u00f3n acreditativa da s\u00faa identidade.<\/p>\n<p>As\u00ed mesmo, inf\u00f3rmaselle que vostede poder\u00e1 revogar os consentimentos outorgados cando as\u00ed o desexe, contactando con BLISSFUL \u00e1 direcci\u00f3n ou correo electr\u00f3nico indicados anteriormente.<\/p>\n<p>Por \u00faltimo, no caso que Vostede desexe m\u00e1is informaci\u00f3n acerca dos seus dereitos en materia de protecci\u00f3n de datos ou precise presentar unha reclamaci\u00f3n poder\u00e1 dirixirse \u00e1 Axencia Espa\u00f1ola de Protecci\u00f3n de Datos, con domicilio en R\u00faa Jorge Juan, 6, 28001, Madrid, co fin de salvagardar os seus dereitos.<\/p>\n<p>6. Responsabilidade sobre os contidos.<br \/>\nA pesar de que realizamos unha selecci\u00f3n das obras que son publicadas na app\/web, incluso establecendo por parte do autor unha idade recomendada, a responsabilidade sobre se as mesmas son adecuadas, \u00e9 exclusivamente do usuario, quen deber\u00e1 valorar a adecuaci\u00f3n ou non dos devanditos contidos \u00e1s persoas que van dirixidas.<\/p>\n<p>7. Contacte con BLISSFUL.<br \/>\nSe ten d\u00fabidas ou cuesti\u00f3ns que transmitir a BLISSFUL en relaci\u00f3n co tratamento dos seus datos persoais pode dirixirse por escrito a BLISSFUL en c\u00e1lea Alameda de Mazarredo, n\u00ba 25, 1\u00aaA, 48009, Bilbao \u2013 Bizkaia, Espa\u00f1a, ou \u00e1 seguinte direcci\u00f3n de correo electr\u00f3nico: info@blissfulthinking.es<\/p>\n<p>\u00a9 2024 PROPIEDADE BLISSFUL THINKING SL. Todos os dereitos reservados.<\/p>\n","protected":false},"excerpt":{"rendered":"<p>&nbsp; 1. Informaci\u00f3n sobre BLISSFUL THINKING. Blissful Thinking \u00e9 unha plataforma dixital colaborativa para a creaci\u00f3n e distribuci\u00f3n de contos [&hellip;]<\/p>\n","protected":false},"author":1,"featured_media":0,"parent":0,"menu_order":0,"comment_status":"closed","ping_status":"closed","template":"","meta":{"footnotes":""},"class_list":["post-2709","page","type-page","status-publish","hentry"],"yoast_head":"<!-- This site is optimized with the Yoast SEO plugin v27.2 - https:\/\/yoast.com\/product\/yoast-seo-wordpress\/ -->\n<title>Aviso Legal e Pol\u00edtica de Protecci\u00f3n de Datos - Blissful Thinking<\/title>\n<meta name=\"robots\" content=\"index, follow, max-snippet:-1, max-image-preview:large, max-video-preview:-1\" \/>\n<link rel=\"canonical\" href=\"https:\/\/blissfulthinking.es\/gl\/aviso-legal-e-politica-de-proteccion-de-datos\/\" \/>\n<meta property=\"og:locale\" content=\"gl_ES\" \/>\n<meta property=\"og:type\" content=\"article\" \/>\n<meta property=\"og:title\" content=\"Aviso Legal e Pol\u00edtica de Protecci\u00f3n de Datos - Blissful Thinking\" \/>\n<meta property=\"og:description\" content=\"&nbsp; 1. Informaci\u00f3n sobre BLISSFUL THINKING. Blissful Thinking \u00e9 unha plataforma dixital colaborativa para a creaci\u00f3n e distribuci\u00f3n de contos [&hellip;]\" \/>\n<meta property=\"og:url\" content=\"https:\/\/blissfulthinking.es\/gl\/aviso-legal-e-politica-de-proteccion-de-datos\/\" \/>\n<meta property=\"og:site_name\" content=\"Blissful Thinking\" \/>\n<meta property=\"article:publisher\" content=\"https:\/\/www.facebook.com\/people\/Blissful-Thinking\/61553763267518\/\" \/>\n<meta name=\"twitter:card\" content=\"summary_large_image\" \/>\n<meta name=\"twitter:label1\" content=\"Tempo de lectura\" \/>\n\t<meta name=\"twitter:data1\" content=\"9 minutos\" \/>\n<script type=\"application\/ld+json\" class=\"yoast-schema-graph\">{\"@context\":\"https:\/\/schema.org\",\"@graph\":[{\"@type\":\"WebPage\",\"@id\":\"https:\/\/blissfulthinking.es\/gl\/aviso-legal-e-politica-de-proteccion-de-datos\/\",\"url\":\"https:\/\/blissfulthinking.es\/gl\/aviso-legal-e-politica-de-proteccion-de-datos\/\",\"name\":\"Aviso Legal e Pol\u00edtica de Protecci\u00f3n de Datos - Blissful Thinking\",\"isPartOf\":{\"@id\":\"https:\/\/blissfulthinking.es\/en\/#website\"},\"datePublished\":\"2025-06-06T12:01:05+00:00\",\"breadcrumb\":{\"@id\":\"https:\/\/blissfulthinking.es\/gl\/aviso-legal-e-politica-de-proteccion-de-datos\/#breadcrumb\"},\"inLanguage\":\"gl-ES\",\"potentialAction\":[{\"@type\":\"ReadAction\",\"target\":[\"https:\/\/blissfulthinking.es\/gl\/aviso-legal-e-politica-de-proteccion-de-datos\/\"]}]},{\"@type\":\"BreadcrumbList\",\"@id\":\"https:\/\/blissfulthinking.es\/gl\/aviso-legal-e-politica-de-proteccion-de-datos\/#breadcrumb\",\"itemListElement\":[{\"@type\":\"ListItem\",\"position\":1,\"name\":\"Portada\",\"item\":\"https:\/\/blissfulthinking.es\/gl\/inicio\/\"},{\"@type\":\"ListItem\",\"position\":2,\"name\":\"Aviso Legal e Pol\u00edtica de Protecci\u00f3n de Datos\"}]},{\"@type\":\"WebSite\",\"@id\":\"https:\/\/blissfulthinking.es\/en\/#website\",\"url\":\"https:\/\/blissfulthinking.es\/en\/\",\"name\":\"Blissful Thinking\",\"description\":\"Fascinarte es tu derecho - Editorial independiente especializada en el cuento infantil\",\"publisher\":{\"@id\":\"https:\/\/blissfulthinking.es\/en\/#organization\"},\"potentialAction\":[{\"@type\":\"SearchAction\",\"target\":{\"@type\":\"EntryPoint\",\"urlTemplate\":\"https:\/\/blissfulthinking.es\/en\/?s={search_term_string}\"},\"query-input\":{\"@type\":\"PropertyValueSpecification\",\"valueRequired\":true,\"valueName\":\"search_term_string\"}}],\"inLanguage\":\"gl-ES\"},{\"@type\":\"Organization\",\"@id\":\"https:\/\/blissfulthinking.es\/en\/#organization\",\"name\":\"Blissful Thinking\",\"url\":\"https:\/\/blissfulthinking.es\/en\/\",\"logo\":{\"@type\":\"ImageObject\",\"inLanguage\":\"gl-ES\",\"@id\":\"https:\/\/blissfulthinking.es\/en\/#\/schema\/logo\/image\/\",\"url\":\"https:\/\/blissfulthinking.es\/wp-content\/uploads\/2026\/02\/Logo_Blissful_Thinking_RGB.png\",\"contentUrl\":\"https:\/\/blissfulthinking.es\/wp-content\/uploads\/2026\/02\/Logo_Blissful_Thinking_RGB.png\",\"width\":945,\"height\":945,\"caption\":\"Blissful Thinking\"},\"image\":{\"@id\":\"https:\/\/blissfulthinking.es\/en\/#\/schema\/logo\/image\/\"},\"sameAs\":[\"https:\/\/www.facebook.com\/people\/Blissful-Thinking\/61553763267518\/\",\"https:\/\/www.instagram.com\/blissfulthinkinges\/\",\"https:\/\/www.linkedin.com\/company\/blissful-thinking\/?originalSubdomain=es\",\"https:\/\/www.youtube.com\/channel\/UC0MDJvD6yerrh-W3Kd2254A\",\"https:\/\/mastodon.social\/@blissfulthinking\"]}]}<\/script>\n<!-- \/ Yoast SEO plugin. -->","yoast_head_json":{"title":"Aviso Legal e Pol\u00edtica de Protecci\u00f3n de Datos - Blissful Thinking","robots":{"index":"index","follow":"follow","max-snippet":"max-snippet:-1","max-image-preview":"max-image-preview:large","max-video-preview":"max-video-preview:-1"},"canonical":"https:\/\/blissfulthinking.es\/gl\/aviso-legal-e-politica-de-proteccion-de-datos\/","og_locale":"gl_ES","og_type":"article","og_title":"Aviso Legal e Pol\u00edtica de Protecci\u00f3n de Datos - Blissful Thinking","og_description":"&nbsp; 1. Informaci\u00f3n sobre BLISSFUL THINKING. Blissful Thinking \u00e9 unha plataforma dixital colaborativa para a creaci\u00f3n e distribuci\u00f3n de contos [&hellip;]","og_url":"https:\/\/blissfulthinking.es\/gl\/aviso-legal-e-politica-de-proteccion-de-datos\/","og_site_name":"Blissful Thinking","article_publisher":"https:\/\/www.facebook.com\/people\/Blissful-Thinking\/61553763267518\/","twitter_card":"summary_large_image","twitter_misc":{"Tempo de lectura":"9 minutos"},"schema":{"@context":"https:\/\/schema.org","@graph":[{"@type":"WebPage","@id":"https:\/\/blissfulthinking.es\/gl\/aviso-legal-e-politica-de-proteccion-de-datos\/","url":"https:\/\/blissfulthinking.es\/gl\/aviso-legal-e-politica-de-proteccion-de-datos\/","name":"Aviso Legal e Pol\u00edtica de Protecci\u00f3n de Datos - Blissful Thinking","isPartOf":{"@id":"https:\/\/blissfulthinking.es\/en\/#website"},"datePublished":"2025-06-06T12:01:05+00:00","breadcrumb":{"@id":"https:\/\/blissfulthinking.es\/gl\/aviso-legal-e-politica-de-proteccion-de-datos\/#breadcrumb"},"inLanguage":"gl-ES","potentialAction":[{"@type":"ReadAction","target":["https:\/\/blissfulthinking.es\/gl\/aviso-legal-e-politica-de-proteccion-de-datos\/"]}]},{"@type":"BreadcrumbList","@id":"https:\/\/blissfulthinking.es\/gl\/aviso-legal-e-politica-de-proteccion-de-datos\/#breadcrumb","itemListElement":[{"@type":"ListItem","position":1,"name":"Portada","item":"https:\/\/blissfulthinking.es\/gl\/inicio\/"},{"@type":"ListItem","position":2,"name":"Aviso Legal e Pol\u00edtica de Protecci\u00f3n de Datos"}]},{"@type":"WebSite","@id":"https:\/\/blissfulthinking.es\/en\/#website","url":"https:\/\/blissfulthinking.es\/en\/","name":"Blissful Thinking","description":"Fascinarte es tu derecho - Editorial independiente especializada en el cuento infantil","publisher":{"@id":"https:\/\/blissfulthinking.es\/en\/#organization"},"potentialAction":[{"@type":"SearchAction","target":{"@type":"EntryPoint","urlTemplate":"https:\/\/blissfulthinking.es\/en\/?s={search_term_string}"},"query-input":{"@type":"PropertyValueSpecification","valueRequired":true,"valueName":"search_term_string"}}],"inLanguage":"gl-ES"},{"@type":"Organization","@id":"https:\/\/blissfulthinking.es\/en\/#organization","name":"Blissful Thinking","url":"https:\/\/blissfulthinking.es\/en\/","logo":{"@type":"ImageObject","inLanguage":"gl-ES","@id":"https:\/\/blissfulthinking.es\/en\/#\/schema\/logo\/image\/","url":"https:\/\/blissfulthinking.es\/wp-content\/uploads\/2026\/02\/Logo_Blissful_Thinking_RGB.png","contentUrl":"https:\/\/blissfulthinking.es\/wp-content\/uploads\/2026\/02\/Logo_Blissful_Thinking_RGB.png","width":945,"height":945,"caption":"Blissful Thinking"},"image":{"@id":"https:\/\/blissfulthinking.es\/en\/#\/schema\/logo\/image\/"},"sameAs":["https:\/\/www.facebook.com\/people\/Blissful-Thinking\/61553763267518\/","https:\/\/www.instagram.com\/blissfulthinkinges\/","https:\/\/www.linkedin.com\/company\/blissful-thinking\/?originalSubdomain=es","https:\/\/www.youtube.com\/channel\/UC0MDJvD6yerrh-W3Kd2254A","https:\/\/mastodon.social\/@blissfulthinking"]}]}},"_links":{"self":[{"href":"https:\/\/blissfulthinking.es\/gl\/wp-json\/wp\/v2\/pages\/2709","targetHints":{"allow":["GET"]}}],"collection":[{"href":"https:\/\/blissfulthinking.es\/gl\/wp-json\/wp\/v2\/pages"}],"about":[{"href":"https:\/\/blissfulthinking.es\/gl\/wp-json\/wp\/v2\/types\/page"}],"author":[{"embeddable":true,"href":"https:\/\/blissfulthinking.es\/gl\/wp-json\/wp\/v2\/users\/1"}],"replies":[{"embeddable":true,"href":"https:\/\/blissfulthinking.es\/gl\/wp-json\/wp\/v2\/comments?post=2709"}],"version-history":[{"count":0,"href":"https:\/\/blissfulthinking.es\/gl\/wp-json\/wp\/v2\/pages\/2709\/revisions"}],"wp:attachment":[{"href":"https:\/\/blissfulthinking.es\/gl\/wp-json\/wp\/v2\/media?parent=2709"}],"curies":[{"name":"wp","href":"https:\/\/api.w.org\/{rel}","templated":true}]}}